{"id":329,"date":"2013-08-27T11:46:12","date_gmt":"2013-08-27T11:46:12","guid":{"rendered":"http:\/\/filmpot.com\/blog\/?page_id=329"},"modified":"2021-08-11T19:57:25","modified_gmt":"2021-08-11T19:57:25","slug":"about-filmpot-blog","status":"publish","type":"page","link":"https:\/\/filmpot.com\/blog\/about-filmpot-blog\/","title":{"rendered":"Filmpot Blog Hakk\u0131nda &#8211; About Filmpot Blog"},"content":{"rendered":"<h2><a href=\"http:\/\/filmpot.com\/blog\/wp-content\/uploads\/2013\/08\/parallax-3.jpg\"><img loading=\"lazy\" decoding=\"async\" class=\"aligncenter wp-image-1003\" src=\"http:\/\/filmpot.com\/blog\/wp-content\/uploads\/2013\/08\/parallax-3-1024x730.jpg\" alt=\"Filmpot\" width=\"500\" height=\"357\" srcset=\"https:\/\/filmpot.com\/blog\/wp-content\/uploads\/2013\/08\/parallax-3-1024x730.jpg 1024w, https:\/\/filmpot.com\/blog\/wp-content\/uploads\/2013\/08\/parallax-3-300x214.jpg 300w, https:\/\/filmpot.com\/blog\/wp-content\/uploads\/2013\/08\/parallax-3-219x156.jpg 219w, https:\/\/filmpot.com\/blog\/wp-content\/uploads\/2013\/08\/parallax-3.jpg 1920w\" sizes=\"auto, (max-width: 500px) 100vw, 500px\" \/><\/a><\/h2>\n<h2>Kimiz, kimlerdeniz?<\/h2>\n<p><a href=\"https:\/\/filmpot.com\">Filmpot<\/a>, Seattle ve \u0130stanbul merkezli bir <strong>dijital film da\u011f\u0131t\u0131m\u0131 ve teknoloji<\/strong> \u015firketi. Hepsi yaz\u0131l\u0131m m\u00fchendisi olan ortaklar, yaz\u0131l\u0131m geli\u015ftirme ve i\u015f deneyimlerini hayallerindeki T\u00fcrk filmleri i\u00e7in dijital da\u011f\u0131t\u0131m merkezini kurmak i\u00e7in biraraya getirdiler.<\/p>\n<p>Difital olarak yay\u0131nlanan filmlerin takiben \u015firket, ekip ve hizmetler b\u00fcy\u00fcd\u00fc. 2012 y\u0131l\u0131nda Apple<a href=\"https:\/\/filmpot.com\/blog\/itunes-turkiye-magazasi-5-yil-once-acilirken-oradaydik\/\"> iTunes T\u00fcrkiye a\u00e7\u0131l\u0131\u015f\u0131<\/a> i\u00e7in Filmpot ile \u00e7al\u0131\u015ft\u0131. Filmpot katalo\u011fu <a href=\"https:\/\/filmpot.com\/blog\/nuri-bilge-ceylan-filmleri-itunesda\/\">Nuri Bilge Ceylan<\/a> gibi sineman\u0131n ustalar\u0131n\u0131n filmleri ve <a href=\"https:\/\/filmpot.com\/blog\/john-wick-itunesda-satisa-cikti\/\">John Wick<\/a> gibi Hollywood filmleri ile b\u00fcy\u00fcd\u00fc.<\/p>\n<p>K\u0131sa s\u00fcre i\u00e7inde ba\u015fad\u0131rklar\u0131m\u0131z ve T\u00fcrk sinemas\u0131na yapabildi\u011fimiz katk\u0131 ile gurur duyuyoruz. Gelecek giri\u015fimlerimizde g\u00f6r\u00fc\u015fmek \u00fczere.<\/p>\n<p><strong>Da\u011f\u0131t\u0131m olanaklar\u0131n\u0131 m\u0131 ara\u015ft\u0131r\u0131yorsunuz?<\/strong> <a href=\"https:\/\/filmpot.com\/blog\/kendi-dagitimini-kendin-yap-donemi-itunes-netflix-ve-digerleri\/\">Kendi Da\u011f\u0131t\u0131m\u0131n\u0131 Kendin Yap d\u00f6nemi<\/a><\/p>\n<h2>Who are we?<\/h2>\n<p><a href=\"https:\/\/filmpot.com\">Filmpot<\/a>, a <strong>content aggregation and technology<\/strong> company, was started in Seattle. The partners brought in their software development experience to realize their dream of creating a one-stop shop for Turkish movies.<\/p>\n<p>Digital releases of Turkish titles were quickly followed by growth of the team and services. In 2012, Apple partnered with Filmpot for <a href=\"https:\/\/filmpot.com\/blog\/we-were-there-when-itunes-turkey-store-went-live-5-years-ago\/\">iTunes Turkey Store&#8217;s debut<\/a>. Filmpot&#8217;s catalog grew to contain works of masters of cinema like <a href=\"https:\/\/filmpot.com\/blog\/nuri-bilge-ceylan-filmleri-itunesda\/\">Nuri Bilge Ceylan<\/a> and Hollywood blockbusters like <a href=\"https:\/\/filmpot.com\/blog\/john-wick-itunesda-satisa-cikti\/\">John Wick<\/a>.<\/p>\n<p>We are proud of what we have achieved and contributed to Turkish cinema in a short amount of time. See you in our next endeavours.<\/p>\n<div class=\"wrapper alert alert-info\">\n<p><strong>Looking for distribution?<\/strong> <a href=\"https:\/\/filmpot.com\/blog\/the-era-of-self-distribution-is-here-you-dont-need-aggregators-anymore-to-publish-on-itunes-netflix-amazon-and-others\/\">The era of self distribution is here<\/a><\/p>\n<\/div>\n","protected":false},"excerpt":{"rendered":"<p>Kimiz, kimlerdeniz? Filmpot, Seattle ve \u0130stanbul merkezli bir dijital film da\u011f\u0131t\u0131m\u0131 ve teknoloji \u015firketi. Hepsi yaz\u0131l\u0131m m\u00fchendisi olan ortaklar, yaz\u0131l\u0131m geli\u015ftirme ve i\u015f deneyimlerini hayallerindeki T\u00fcrk filmleri i\u00e7in dijital da\u011f\u0131t\u0131m merkezini kurmak i\u00e7in biraraya getirdiler. Difital olarak yay\u0131nlanan filmlerin takiben \u015firket, ekip ve hizmetler b\u00fcy\u00fcd\u00fc. 2012 y\u0131l\u0131nda Apple iTunes T\u00fcrkiye a\u00e7\u0131l\u0131\u015f\u0131 i\u00e7in Filmpot ile \u00e7al\u0131\u015ft\u0131. [&hellip;]<\/p>\n","protected":false},"author":1,"featured_media":760,"parent":0,"menu_order":0,"comment_status":"open","ping_status":"open","template":"","meta":{"twitterCardType":"summary_large_image","cardImageID":0,"cardImage":"","cardTitle":"","cardDesc":"","cardImageAlt":"","cardPlayer":"","cardPlayerWidth":0,"cardPlayerHeight":0,"cardPlayerStream":"","cardPlayerCodec":"","footnotes":""},"class_list":["post-329","page","type-page","status-publish","has-post-thumbnail","hentry"],"_links":{"self":[{"href":"https:\/\/filmpot.com\/blog\/wp-json\/wp\/v2\/pages\/329","targetHints":{"allow":["GET"]}}],"collection":[{"href":"https:\/\/filmpot.com\/blog\/wp-json\/wp\/v2\/pages"}],"about":[{"href":"https:\/\/filmpot.com\/blog\/wp-json\/wp\/v2\/types\/page"}],"author":[{"embeddable":true,"href":"https:\/\/filmpot.com\/blog\/wp-json\/wp\/v2\/users\/1"}],"replies":[{"embeddable":true,"href":"https:\/\/filmpot.com\/blog\/wp-json\/wp\/v2\/comments?post=329"}],"version-history":[{"count":9,"href":"https:\/\/filmpot.com\/blog\/wp-json\/wp\/v2\/pages\/329\/revisions"}],"predecessor-version":[{"id":1854,"href":"https:\/\/filmpot.com\/blog\/wp-json\/wp\/v2\/pages\/329\/revisions\/1854"}],"wp:featuredmedia":[{"embeddable":true,"href":"https:\/\/filmpot.com\/blog\/wp-json\/wp\/v2\/media\/760"}],"wp:attachment":[{"href":"https:\/\/filmpot.com\/blog\/wp-json\/wp\/v2\/media?parent=329"}],"curies":[{"name":"wp","href":"https:\/\/api.w.org\/{rel}","templated":true}]}}